{"id":85,"date":"2016-04-18T11:45:35","date_gmt":"2016-04-18T09:45:35","guid":{"rendered":"http:\/\/test.pieszkow.hostilla.pl\/?page_id=85"},"modified":"2016-04-29T08:09:43","modified_gmt":"2016-04-29T06:09:43","slug":"polityka-cookie","status":"publish","type":"page","link":"http:\/\/test.pieszkow.hostilla.pl\/?page_id=85","title":{"rendered":"POLITYKA COOKIE"},"content":{"rendered":"<h4 style=\"text-align: justify;\">Czym s\u0105 pliki Cookie<\/h4>\n<p style=\"text-align: justify;\">Ciasteczka (ang. cookies) to niewielkie pliki, zapisywane i przechowywane na twoim komputerze, tablecie lub smartphonie podczas gdy odwiedzasz r\u00f3\u017cne strony w internecie. Ciasteczko zazwyczaj zawiera nazw\u0119 strony internetowej, z kt\u00f3rej pochodzi, \u201ed\u0142ugo\u015b\u0107 \u017cycia\u201d ciasteczka (to znaczy czas jego istnienia) oraz przypadkowo wygenerowany unikalny numer s\u0142u\u017c\u0105cy do identyfikacji przegl\u0105darki, z jakiej nast\u0119puje po\u0142\u0105czenie ze stron\u0105 internetow\u0105.<\/p>\n<p style=\"text-align: justify;\"><strong>Polityka plik\u00f3w Cookie<\/strong><\/p>\n<p style=\"text-align: justify;\">W zwi\u0105zku z udost\u0119pnianiem zawarto\u015bci stron internetowych pieszkow.lubin.pl stosuje si\u0119 tzw. cookies, tj. informacje zapisywane przez serwery na urz\u0105dzeniu ko\u0144cowym u\u017cytkownika, kt\u00f3re serwery mog\u0105 odczyta\u0107 przy ka\u017cdorazowym po\u0142\u0105czeniu si\u0119 z tego urz\u0105dzenia ko\u0144cowego, mo\u017ce tak\u017ce u\u017cywa\u0107 innych technologii o funkcjach podobnych lub to\u017csamych z cookies. W niniejszym dokumencie, informacje dotycz\u0105ce cookies maj\u0105 zastosowanie r\u00f3wnie\u017c do innych podobnych technologii stosowanych w ramach naszych stron internetowych. Pliki cookies (tzw. &#8222;ciasteczka&#8221;) stanowi\u0105 dane informatyczne, w szczeg\u00f3lno\u015bci pliki tekstowe, kt\u00f3re przechowywane s\u0105 w urz\u0105dzeniu ko\u0144cowym u\u017cytkownika serwisu internetowego pieszkow.lubin.pl. Cookies zazwyczaj zawieraj\u0105 nazw\u0119 domeny serwisu internetowego, z kt\u00f3rego pochodz\u0105, czas przechowywania ich na urz\u0105dzeniu ko\u0144cowym oraz unikalny numer.<\/p>\n<p style=\"text-align: justify;\"><strong>Pliki cookies wykorzystywane s\u0105 w celu:<\/strong><\/p>\n<p style=\"text-align: justify;\">1.<\/p>\n<p style=\"text-align: justify;\">dostosowania zawarto\u015bci stron serwisu internetowego do preferencji u\u017cytkownika oraz optymalizacji korzystania ze stron internetowych; w szczeg\u00f3lno\u015bci pliki te pozwalaj\u0105 rozpozna\u0107 urz\u0105dzenie u\u017cytkownika serwisu internetowego i odpowiednio wy\u015bwietli\u0107 stron\u0119 internetow\u0105, dostosowan\u0105 do jego indywidualnych potrzeb,<\/p>\n<p style=\"text-align: justify;\">tworzenia statystyk, kt\u00f3re pomagaj\u0105 zrozumie\u0107, w jaki spos\u00f3b u\u017cytkownicy serwisu korzystaj\u0105 ze stron internetowych, co umo\u017cliwia ulepszanie ich struktury i zawarto\u015bci,<\/p>\n<p style=\"text-align: justify;\">utrzymania sesji u\u017cytkownika serwisu internetowego (po zalogowaniu), dzi\u0119ki kt\u00f3rej u\u017cytkownik nie musi na ka\u017cdej podstronie serwisu ponownie wpisywa\u0107 loginu i has\u0142a.<\/p>\n<p style=\"text-align: justify;\">2.<\/p>\n<p style=\"text-align: justify;\">W ramach stron internetowych mo\u017cemy stosowa\u0107 nast\u0119puj\u0105ce rodzaje plik\u00f3w cookies:<\/p>\n<p style=\"text-align: justify;\">&#8222;niezb\u0119dne&#8221; pliki cookies, umo\u017cliwiaj\u0105ce korzystanie z us\u0142ug dost\u0119pnych w ramach serwisu internetowego, np. uwierzytelniaj\u0105ce pliki cookies wykorzystywane do us\u0142ug wymagaj\u0105cych uwierzytelniania w ramach serwisu,<\/p>\n<p style=\"text-align: justify;\">pliki cookies s\u0142u\u017c\u0105ce do zapewnienia bezpiecze\u0144stwa, np. wykorzystywane do wykrywania nadu\u017cy\u0107 w zakresie uwierzytelniania w ramach serwisu, pliki cookies, umo\u017cliwiaj\u0105ce zbieranie informacji o sposobie korzystania ze stron internetowych serwisu,<\/p>\n<p style=\"text-align: justify;\">&#8222;funkcjonalne&#8221; pliki cookies, umo\u017cliwiaj\u0105ce &#8222;zapami\u0119tanie&#8221; wybranych przez u\u017cytkownika ustawie\u0144 i personalizacj\u0119 interfejsu u\u017cytkownika, np. w zakresie wybranego j\u0119zyka lub regionu, z kt\u00f3rego pochodzi u\u017cytkownik, rozmiaru czcionki, wygl\u0105du strony internetowej itp.<\/p>\n<p style=\"text-align: justify;\">W wielu przypadkach oprogramowanie s\u0142u\u017c\u0105ce do przegl\u0105dania stron internetowych (przegl\u0105darka internetowa) domy\u015blnie dopuszcza przechowywanie plik\u00f3w cookies w urz\u0105dzeniu ko\u0144cowym u\u017cytkownika. U\u017cytkownicy serwisu mog\u0105 dokona\u0107 w ka\u017cdym czasie zmiany ustawie\u0144 dotycz\u0105cych plik\u00f3w cookies. Ustawienia te mog\u0105 zosta\u0107 zmienione w szczeg\u00f3lno\u015bci w taki spos\u00f3b, aby blokowa\u0107 automatyczn\u0105 obs\u0142ug\u0119 plik\u00f3w cookies w ustawieniach przegl\u0105darki internetowej b\u0105d\u017a informowa\u0107 o ich ka\u017cdorazowym zamieszczeniu w urz\u0105dzeniu u\u017cytkownika serwisu internetowego. Szczeg\u00f3\u0142owe informacje o mo\u017cliwo\u015bci i sposobach obs\u0142ugi plik\u00f3w cookies dost\u0119pne s\u0105 w ustawieniach oprogramowania (przegl\u0105darki internetowej). Niedokonanie zmiany ustawie\u0144 w zakresie cookies oznacza, \u017ce b\u0119d\u0105 one zamieszczone w urz\u0105dzeniu ko\u0144cowym u\u017cytkownika, a tym samym b\u0119dziemy przechowywa\u0107 informacje w urz\u0105dzeniu ko\u0144cowym u\u017cytkownika i uzyskiwa\u0107 dost\u0119p do tych informacji.<\/p>\n<p style=\"text-align: justify;\">Wy\u0142\u0105czenie stosowania cookies mo\u017ce spowodowa\u0107 utrudnienia korzystanie z niekt\u00f3rych us\u0142ug w ramach naszych stron internetowych, w szczeg\u00f3lno\u015bci wymagaj\u0105cych logowania. Wy\u0142\u0105czenie opcji przyjmowania cookies nie powoduje natomiast braku mo\u017cliwo\u015bci czytania lub ogl\u0105dania tre\u015bci zamieszczanych w serwisie internetowym\u00a0pieszkow.lubin.pl z zastrze\u017ceniem tych, do kt\u00f3rych dost\u0119p wymaga logowania.<\/p>\n<p style=\"text-align: justify;\">Pliki cookies mog\u0105 by\u0107 zamieszczane w urz\u0105dzeniu ko\u0144cowym u\u017cytkownika serwisu internetowego pieszkow.lubin.pl, a nast\u0119pnie wykorzystywane przez wsp\u00f3\u0142pracuj\u0105cych z serwisem reklamodawc\u00f3w, firmy badawcze oraz dostawc\u00f3w aplikacji multimedialnych.<\/p>\n<p style=\"text-align: justify;\">Jak wy\u0142\u0105czy\u0107 pliki cookie w przegl\u0105darce ?<\/p>\n<p style=\"text-align: justify;\"><a href=\"http:\/\/help.opera.com\/Windows\/12.10\/pl\/cookies.html\"><span style=\"text-decoration: underline;\">Przegl\u0105darka Opera<\/span> <\/a><\/p>\n<p style=\"text-align: justify;\"><a href=\"http:\/\/support.mozilla.org\/pl\/kb\/W%C5%82%C4%85czanie%20i%20wy%C5%82%C4%85czanie%20obs%C5%82ugi%20ciasteczek\"><span style=\"text-decoration: underline;\">Przegl\u0105darka Firefox<\/span> <\/a><\/p>\n<p style=\"text-align: justify;\"><a href=\"http:\/\/support.google.com\/chrome\/bin\/answer.py?hl=pl&amp;answer=95647\"><span style=\"text-decoration: underline;\">Przegl\u0105darka Chrome<\/span> <\/a><\/p>\n<p style=\"text-align: justify;\"><span style=\"text-decoration: underline;\"><a href=\"http:\/\/windows.microsoft.com\/pl-pl\/windows7\/block-enable-or-allow-cookies\">Przegl\u0105darka Internet Explorer<\/a><\/span><\/p>\n<p style=\"text-align: justify;\"><span style=\"text-decoration: underline;\"><a href=\"http:\/\/support.apple.com\/kb\/PH5042\">Przegl\u0105darka Safari<\/a><\/span><br \/>\n<em>\u017ar\u00f3d\u0142o: <a href=\"http:\/\/www.fundacja.joomla.pl\/\">Fundacja PCJ Otwarte \u0179r\u00f3d\u0142a<\/a>.<\/em><\/p>\n<p>&nbsp;<\/p>\n<p>&nbsp;<\/p>\n","protected":false},"excerpt":{"rendered":"Czym s\u0105 pliki Cookie Ciasteczka (ang. cookies) to niewielkie pliki, zapisywane i przechowywane na twoim komputerze, tablecie lub smartphonie podczas gdy odwiedzasz r\u00f3\u017cne strony w internecie. Ciasteczko zazwyczaj zawiera nazw\u0119 strony internetowej, z kt\u00f3rej pochodzi, \u201ed\u0142ugo\u015b\u0107 \u017cycia\u201d ciasteczka (to znaczy czas jego istnienia) oraz przypadkowo wygenerowany unikalny numer s\u0142u\u017c\u0105cy do identyfikacji przegl\u0105darki, z jakiej nast\u0119puje&#8230; <a class=\"view-article\" href=\"http:\/\/test.pieszkow.hostilla.pl\/?page_id=85\">Czytaj ca\u0142o\u015b\u0107&#8230;<\/a>","protected":false},"author":2,"featured_media":0,"parent":0,"menu_order":0,"comment_status":"closed","ping_status":"closed","template":"","meta":{"footnotes":""},"class_list":["post-85","page","type-page","status-publish","hentry"],"_links":{"self":[{"href":"http:\/\/test.pieszkow.hostilla.pl\/index.php?rest_route=\/wp\/v2\/pages\/85","targetHints":{"allow":["GET"]}}],"collection":[{"href":"http:\/\/test.pieszkow.hostilla.pl\/index.php?rest_route=\/wp\/v2\/pages"}],"about":[{"href":"http:\/\/test.pieszkow.hostilla.pl\/index.php?rest_route=\/wp\/v2\/types\/page"}],"author":[{"embeddable":true,"href":"http:\/\/test.pieszkow.hostilla.pl\/index.php?rest_route=\/wp\/v2\/users\/2"}],"replies":[{"embeddable":true,"href":"http:\/\/test.pieszkow.hostilla.pl\/index.php?rest_route=%2Fwp%2Fv2%2Fcomments&post=85"}],"version-history":[{"count":12,"href":"http:\/\/test.pieszkow.hostilla.pl\/index.php?rest_route=\/wp\/v2\/pages\/85\/revisions"}],"predecessor-version":[{"id":911,"href":"http:\/\/test.pieszkow.hostilla.pl\/index.php?rest_route=\/wp\/v2\/pages\/85\/revisions\/911"}],"wp:attachment":[{"href":"http:\/\/test.pieszkow.hostilla.pl\/index.php?rest_route=%2Fwp%2Fv2%2Fmedia&parent=85"}],"curies":[{"name":"wp","href":"https:\/\/api.w.org\/{rel}","templated":true}]}}