{"id":4461,"date":"2017-10-01T19:28:24","date_gmt":"2017-10-01T17:28:24","guid":{"rendered":"http:\/\/test.pieszkow.hostilla.pl\/?page_id=4461"},"modified":"2017-10-01T20:00:10","modified_gmt":"2017-10-01T18:00:10","slug":"podzial-funduszu-soleckiego-na-rok-2018","status":"publish","type":"page","link":"http:\/\/test.pieszkow.hostilla.pl\/?page_id=4461","title":{"rendered":"Podzia\u0142 Funduszu So\u0142eckiego na rok 2018"},"content":{"rendered":"<p style=\"text-align: center;\"><strong>ZEBRANIE SO\u0141ECKIE W DNIU 26.09.2017<br \/>\n<\/strong><\/p>\n<p style=\"text-align: justify;\"><strong><hr class=\"wc-shortcodes-spacing \" style=\"height: 10px\" \/><\/strong><\/p>\n<p>W \u015bwietlicy na zebraniu obecnych by\u0142o 36 mieszka\u0144c\u00f3w. W wi\u0119kszo\u015bci osoby tam zgromadzone\u00a0 zgodzi\u0142y si\u0119 na zaproponowany przez Rad\u0119 So\u0142eck\u0105 podzia\u0142 \u015brodk\u00f3w na rok 2018. Zg\u0142oszone przez mieszka\u0144c\u00f3w poprawki dotyczy\u0142y ch\u0119ci zorganizowania na \u015bwietlicy zaj\u0119\u0107 fitnes (aerobik,gimnastyka). Koszt tych zaj\u0119\u0107 wynosi 3200 i o t\u0119 kwot\u0119 zosta\u0142a pomniejszona inwestycja na plac zabaw. Zaj\u0119cia mia\u0142y by si\u0119 odbywa\u0107 przez 8 miesi\u0119cy.<\/p>\n<p>Podczas dyskusji mieszka\u0144cy przeg\u0142osowali wpisanie przy inwestycji za 15.000 z\u0142 jak\u0105 jest projekt boiska i si\u0142owni plenerowej uwagi, \u017ce przy wyborze urz\u0105dze\u0144 do si\u0142owni uczestniczy\u0107 b\u0119d\u0105 mieszka\u0144cy Pieszkowa. Podyktowane to zosta\u0142o tym, i\u017c w so\u0142ectwach w kt\u00f3rych niedawno do u\u017cytku oddano si\u0142ownie plenerowe, urz\u0105dzenia zamontowane tam niewiele maj\u0105 wsp\u00f3lnego z si\u0142owni\u0105. Mo\u017cna si\u0119 o tym przekona\u0107 jad\u0105c do Gorzelina. Z kilku postawionych tam urz\u0105dze\u0144 wydaje si\u0119, \u017ce tylko orbitrek spe\u0142nia swoje zadanie.<\/p>\n<p>Sporo emocji wzbudzi\u0142y odczytane przez przewodnicz\u0105c\u0105 Rady So\u0142eckiej wnioski mieszka\u0144c\u00f3w do Urz\u0119du Gminy, kt\u00f3re do\u0142\u0105czone by\u0142y do protoko\u0142u z zebrania z 2016 roku. Z sali pad\u0142o pytanie czy osoby wybrane przez mieszka\u0144c\u00f3w do reprezentowania Pieszkowa, w jaki\u015b spos\u00f3b zabiega\u0142y o realizacj\u0119 tych zada\u0144, a je\u017celi tak to kiedy. Okazuje si\u0119, \u017ce po wpisaniu i przeg\u0142osowaniu ich na Zebraniu So\u0142eckim prawdopodobnie nikt si\u0119 nimi ju\u017c w Urz\u0119dzie Gminy nie zajmuje.<\/p>\n<p>Podczas dyskusji nt. doposa\u017cenia placu zabaw jedna z os\u00f3b zg\u0142osi\u0142a, \u017ce w takim miejscu powinny znajdowa\u0107 si\u0119 toalety. Uwaga ta jednak nie spotka\u0142 si\u0119 z aprobat\u0105 mieszka\u0144c\u00f3w i nie zosta\u0142a poddana pod g\u0142osowanie jako inwestycja na rok 2018.<\/p>\n<p>Za spraw\u0105 jednego z mieszka\u0144c\u00f3w poruszony zosta\u0142\u00a0 temat ps\u00f3w biegaj\u0105cych bez kontroli<br \/>\ni poza ogrodzeniem i zwi\u0105zane z tym przykre wydarzenia, kt\u00f3re spotka\u0142y jego i jego s\u0105siad\u00f3w.<\/p>\n<p>Ze wzgl\u0119du na przedwczesne opuszczenie sali przez uczestnik\u00f3w zebrania dyskusji nie doczeka\u0142 si\u0119 wniosek dotycz\u0105cy sprz\u0105tania na \u015bwietlicy po imprezach organizowanych dla mieszka\u0144c\u00f3w Pieszkowa, oraz nie odby\u0142a si\u0119 dyskusja na temat formy i organizacji \u00a0imprez dla dzieci.<\/p>\n<p>&nbsp;<\/p>\n<p style=\"text-align: center;\"><strong>PODZIA\u0141 FUNDUSZU NA ROK 2018<\/strong><\/p>\n<p>1. Zakup materia\u0142\u00f3w eksploatacyjnych do kosiarek &#8211; 500 z\u0142<\/p>\n<p>2. Internet &#8211; 360 z\u0142<\/p>\n<p>3. Imprezy integracyjne &#8211; 6000 z\u0142<\/p>\n<p>4. Doposa\u017cenie \u015bwietlicy wiejskiej w rolety i o\u015bwietlenie\u00a0 &#8211; 500 z\u0142<strong><br \/>\n<\/strong><\/p>\n<p>5. Zorganizowanie na \u015bwietlicy zaj\u0119\u0107 fitnes &#8211; 3 200 z\u0142<\/p>\n<p>6. Doposa\u017cenie placu zabaw &#8211; 6 642,06 z\u0142<\/p>\n<p>7. Opracowanie projektu boiska i si\u0142owni plenerowej &#8211; 15 000 z\u0142<\/p>\n<p style=\"text-align: left;\"><strong>\u00a0\u00a0\u00a0\u00a0\u00a0\u00a0\u00a0\u00a0\u00a0\u00a0\u00a0\u00a0\u00a0\u00a0\u00a0\u00a0\u00a0\u00a0\u00a0\u00a0\u00a0\u00a0\u00a0\u00a0\u00a0\u00a0\u00a0\u00a0\u00a0\u00a0\u00a0\u00a0\u00a0\u00a0\u00a0\u00a0\u00a0\u00a0\u00a0\u00a0\u00a0\u00a0\u00a0\u00a0\u00a0\u00a0\u00a0\u00a0\u00a0\u00a0\u00a0\u00a0\u00a0\u00a0\u00a0\u00a0\u00a0\u00a0\u00a0\u00a0\u00a0\u00a0\u00a0\u00a0\u00a0\u00a0\u00a0\u00a0\u00a0\u00a0\u00a0\u00a0\u00a0\u00a0\u00a0\u00a0\u00a0\u00a0\u00a0 Razem 32.202,06 z\u0142 <\/strong><\/p>\n<p style=\"text-align: center;\"><strong>Wnioski przyj\u0119te na Zebraniu Wiejskim So\u0142ectwa Pieszk\u00f3w<\/strong><\/p>\n<p style=\"text-align: center;\"><strong>w dniu 26 wrze\u015bnia 2017 roku<\/strong><\/p>\n<p>1.Gazyfikacja wsi.<br \/>\n2.Budowa dr\u00f3g wewn\u0119trznych.<br \/>\n3.Po\u0142o\u017cenie asfaltu na drodze gminnej nr 53 r\u00f3wnoleg\u0142ej do drogi w kierunku Gorzelina.<br \/>\n4.Uzupe\u0142nienie przy drodze gminnej s\u0142upk\u00f3w odblaskowych, kt\u00f3re poprawiaj\u0105 bezpiecze\u0144stwo ruchu.<br \/>\n5.Przegl\u0105d hydrant\u00f3w przeciwpo\u017carowych.<br \/>\n6.Wyposa\u017cenie placu zabaw \/ boiska sportowego w kontener na \u015bmieci o pojemno\u015bci\u00a0\u00a0\u00a0\u00a0 400-500 l.<br \/>\n7.Spowodowanie systematycznego od\u015bnie\u017canie dr\u00f3g gminnych w Pieszkowie.<br \/>\n8.Zagospodarowanie pozosta\u0142ej cz\u0119\u015bci dzia\u0142ki nr 123\/4, nale\u017c\u0105cej do terenu \u015bwietlicy.<br \/>\n9.Wprowadzenie zasady nieodp\u0142atnego wynajmu \u015bwietlicy dla mieszka\u0144c\u00f3w Pieszkowa.<br \/>\n10.Wyciszenie (wyg\u0142uszenie) w \u015bwietlicy \u015bciany wsp\u00f3lnej z s\u0105siadem.<br \/>\n11.Spowodowanie wybudowania chodnika (oko\u0142o 2 x 100 m) przy drodze powiatowej<br \/>\n(od skrzy\u017cowania w kierunku Lubina oraz w kierunku Raszowej do drogi gminnej nr 53).<br \/>\n12.Zwi\u0119kszenie ilo\u015bci zaj\u0119\u0107 dla dzieci i m\u0142odzie\u017cy przez GOK (np. nauka \u015bpiewu, gimnastyka, itp.); planowanie tych zaj\u0119\u0107 poprzedzi\u0107 wywiadem w zakresie potrzeb, \u017ceby zaj\u0119cia zach\u0119ca\u0142y dzieci do przyj\u015bcia do \u015bwietlicy.<br \/>\n13.Zapewnienie bezpiecze\u0144stwa (pr\u0119dko\u015b\u0107 pojazd\u00f3w) na skrzy\u017cowaniu drogi powiatowej<br \/>\nz drog\u0105 gminn\u0105 i zwi\u0119kszenie kontroli policji.<br \/>\n14.Zorganizowanie szkolenia dla mieszka\u0144c\u00f3w z udzielania pomocy przedmedycznej.<\/p>\n<p style=\"text-align: center; font-size: 2em; margin-top: 0px;\"><span style=\"color: #993300;\">***********<\/span><\/p>\n","protected":false},"excerpt":{"rendered":"ZEBRANIE SO\u0141ECKIE W DNIU 26.09.2017 W \u015bwietlicy na zebraniu obecnych by\u0142o 36 mieszka\u0144c\u00f3w. W wi\u0119kszo\u015bci osoby tam zgromadzone\u00a0 zgodzi\u0142y si\u0119 na zaproponowany przez Rad\u0119 So\u0142eck\u0105 podzia\u0142 \u015brodk\u00f3w na rok 2018. Zg\u0142oszone przez mieszka\u0144c\u00f3w poprawki dotyczy\u0142y ch\u0119ci zorganizowania na \u015bwietlicy zaj\u0119\u0107 fitnes (aerobik,gimnastyka). Koszt tych zaj\u0119\u0107 wynosi 3200 i o t\u0119 kwot\u0119 zosta\u0142a pomniejszona inwestycja na&#8230; <a class=\"view-article\" href=\"http:\/\/test.pieszkow.hostilla.pl\/?page_id=4461\">Czytaj ca\u0142o\u015b\u0107&#8230;<\/a>","protected":false},"author":1,"featured_media":0,"parent":0,"menu_order":0,"comment_status":"closed","ping_status":"closed","template":"","meta":{"footnotes":""},"class_list":["post-4461","page","type-page","status-publish","hentry"],"_links":{"self":[{"href":"http:\/\/test.pieszkow.hostilla.pl\/index.php?rest_route=\/wp\/v2\/pages\/4461","targetHints":{"allow":["GET"]}}],"collection":[{"href":"http:\/\/test.pieszkow.hostilla.pl\/index.php?rest_route=\/wp\/v2\/pages"}],"about":[{"href":"http:\/\/test.pieszkow.hostilla.pl\/index.php?rest_route=\/wp\/v2\/types\/page"}],"author":[{"embeddable":true,"href":"http:\/\/test.pieszkow.hostilla.pl\/index.php?rest_route=\/wp\/v2\/users\/1"}],"replies":[{"embeddable":true,"href":"http:\/\/test.pieszkow.hostilla.pl\/index.php?rest_route=%2Fwp%2Fv2%2Fcomments&post=4461"}],"version-history":[{"count":21,"href":"http:\/\/test.pieszkow.hostilla.pl\/index.php?rest_route=\/wp\/v2\/pages\/4461\/revisions"}],"predecessor-version":[{"id":4484,"href":"http:\/\/test.pieszkow.hostilla.pl\/index.php?rest_route=\/wp\/v2\/pages\/4461\/revisions\/4484"}],"wp:attachment":[{"href":"http:\/\/test.pieszkow.hostilla.pl\/index.php?rest_route=%2Fwp%2Fv2%2Fmedia&parent=4461"}],"curies":[{"name":"wp","href":"https:\/\/api.w.org\/{rel}","templated":true}]}}